{"id":1319,"date":"2023-07-27T23:06:30","date_gmt":"2023-07-27T21:06:30","guid":{"rendered":"https:\/\/rapidwms.pl\/?page_id=1319"},"modified":"2023-10-11T10:38:14","modified_gmt":"2023-10-11T08:38:14","slug":"contact","status":"publish","type":"page","link":"https:\/\/rapidwms.pl\/en\/contact\/","title":{"rendered":"Contact"},"content":{"rendered":"\n<div class=\"wp-block-columns is-layout-flex wp-container-core-columns-is-layout-9d6595d7 wp-block-columns-is-layout-flex\">\n<div class=\"wp-block-column is-layout-flow wp-block-column-is-layout-flow\" style=\"flex-basis:400px\">\n<h2 class=\"wp-block-heading\"><strong>Contact<\/strong> us<\/h2>\n\n\n\n<p>The creator of the RAPIDWMS system is<\/p>\n\n\n\n<p class=\"mb-1\"><br><\/p>\n\n\n\n<figure class=\"wp-block-image size-full\"><img loading=\"lazy\" decoding=\"async\" width=\"246\" height=\"71\" src=\"http:\/\/rapidwms.pl\/wp-content\/uploads\/2023\/08\/isk-logo.png\" alt=\"\" class=\"wp-image-906\" srcset=\"https:\/\/rapidwms.pl\/wp-content\/uploads\/2023\/08\/isk-logo.png 246w, https:\/\/rapidwms.pl\/wp-content\/uploads\/2023\/08\/isk-logo-208x60.png 208w\" sizes=\"auto, (max-width: 246px) 100vw, 246px\" \/><\/figure>\n\n\n\n<p>Pu\u0142askiego 25 St., 42-200 Cz\u0119stochowa<br><a href=\"tel:343611020\">34 361 10 20<\/a> | <a href=\"tel:534754996\">534 754 996<\/a><br><mark style=\"background-color:rgba(0, 0, 0, 0);color:#008bd0\" class=\"has-inline-color\">e-mail: isk@isk.pl<\/mark><\/p>\n<\/div>\n\n\n\n<div class=\"wp-block-column is-layout-flow wp-block-column-is-layout-flow\">\n<div class=\"wpcf7 no-js\" id=\"wpcf7-f916-o1\" lang=\"pl-PL\" dir=\"ltr\" data-wpcf7-id=\"916\">\n<div class=\"screen-reader-response\"><p role=\"status\" aria-live=\"polite\" aria-atomic=\"true\"><\/p> <ul><\/ul><\/div>\n<form action=\"\/en\/wp-json\/wp\/v2\/pages\/1319#wpcf7-f916-o1\" method=\"post\" class=\"wpcf7-form init\" aria-label=\"Formularz kontaktowy\" novalidate=\"novalidate\" data-status=\"init\">\n<fieldset class=\"hidden-fields-container\"><input type=\"hidden\" name=\"_wpcf7\" value=\"916\" \/><input type=\"hidden\" name=\"_wpcf7_version\" value=\"6.1.5\" \/><input type=\"hidden\" name=\"_wpcf7_locale\" value=\"pl_PL\" \/><input type=\"hidden\" name=\"_wpcf7_unit_tag\" value=\"wpcf7-f916-o1\" \/><input type=\"hidden\" name=\"_wpcf7_container_post\" value=\"0\" \/><input type=\"hidden\" name=\"_wpcf7_posted_data_hash\" value=\"\" \/>\n<\/fieldset>\n<div class=\"contactGrid contactGrid--default\">\n\t<div>\n\t\t<p><span class=\"wpcf7-form-control-wrap\" data-name=\"your-email\"><input size=\"40\" maxlength=\"400\" class=\"wpcf7-form-control wpcf7-email wpcf7-validates-as-required wpcf7-text wpcf7-validates-as-email\" aria-required=\"true\" aria-invalid=\"false\" placeholder=\"e-mail\" value=\"\" type=\"email\" name=\"your-email\" \/><\/span>\n\t\t<\/p>\n\t<\/div>\n\t<div>\n\t\t<p><span class=\"wpcf7-form-control-wrap\" data-name=\"tel-760\"><input size=\"40\" maxlength=\"400\" class=\"wpcf7-form-control wpcf7-tel wpcf7-text wpcf7-validates-as-tel\" aria-invalid=\"false\" placeholder=\"nr. telefonu\" value=\"\" type=\"tel\" name=\"tel-760\" \/><\/span>\n\t\t<\/p>\n\t<\/div>\n\t<div>\n\t\t<p><span class=\"wpcf7-form-control-wrap\" data-name=\"your-message\"><textarea cols=\"40\" rows=\"10\" maxlength=\"2000\" class=\"wpcf7-form-control wpcf7-textarea wpcf7-validates-as-required\" aria-required=\"true\" aria-invalid=\"false\" placeholder=\"wiadomo\u015b\u0107\" name=\"your-message\"><\/textarea><\/span>\n\t\t<\/p>\n\t<\/div>\n\t<div>\n\t\t<p><span class=\"wpcf7-form-control-wrap\" data-name=\"acceptance-504\"><span class=\"wpcf7-form-control wpcf7-acceptance\"><span class=\"wpcf7-list-item\"><label><input type=\"checkbox\" name=\"acceptance-504\" value=\"1\" aria-invalid=\"false\" \/><span class=\"wpcf7-list-item-label\">Twoje dane przes\u0142ane w formularzu b\u0119d\u0105 przetwarzane zgodnie z nasz\u0105 <strong><a href=\"http:\/\/rapidwms.pl\/polityka-prywatnosci-isk-sp-z-o-o\/\">Polityk\u0105 Prywatno\u015bci<\/a><\/strong> w celu komunikacji z Tob\u0105 za po\u015brednictwem podanego w formularzu adresu e-mail i\/lub numeru telefonu, aby potwierdzi\u0107 termin prezentacji DEMO systemu RapidWMS.<\/span><\/label><\/span><\/span><\/span>\n\t\t<\/p>\n\t<\/div>\n\t<div>\n\t\t<p><button class=\"butnContent\" type=\"submit\"><span>Wy\u015blij wiadomo\u015b\u0107<\/span><\/button>\n\t\t<\/p>\n\t<\/div>\n<\/div><div class=\"wpcf7-response-output\" aria-hidden=\"true\"><\/div>\n<\/form>\n<\/div>\n\n<\/div>\n<\/div>\n\n\n\n<div class=\"fullWidthSection\"><iframe src=\"https:\/\/www.google.com\/maps\/embed?pb=!1m14!1m8!1m3!1d10084.915055422678!2d19.1043875!3d50.8084001!3m2!1i1024!2i768!4f13.1!3m3!1m2!1s0x4710b5d8cf859533%3A0xc58fdfd06faa44b8!2sISK%20Sp.%20z%20o.o.%20-%20Systemy%20ERP%20dla%20firm%20%26%20Partner%20Comarch!5e0!3m2!1spl!2spl!4v1692224717891!5m2!1spl!2spl\" style=\"width: 100%; height: 500px;border:0;\" allowfullscreen=\"\" loading=\"lazy\" referrerpolicy=\"no-referrer-when-downgrade\"><\/iframe><\/div>\n\n\n\n<h2 class=\"wp-block-heading\" id=\"block-08bace26-291f-4f4f-be48-992ca7dfad5e\"><\/h2>\n\n\n\n<p>\ufeff<\/p>\n","protected":false},"excerpt":{"rendered":"<p>Contact us The creator of the RAPIDWMS system is Pu\u0142askiego 25 St., 42-200 Cz\u0119stochowa34 361 10 20 | 534 754 996e-mail: isk@isk.pl \ufeff<\/p>\n","protected":false},"author":2,"featured_media":0,"parent":0,"menu_order":0,"comment_status":"closed","ping_status":"closed","template":"","meta":{"_acf_changed":false,"inline_featured_image":false,"_monsterinsights_skip_tracking":false,"_monsterinsights_sitenote_active":false,"_monsterinsights_sitenote_note":"","_monsterinsights_sitenote_category":0,"footnotes":""},"class_list":["post-1319","page","type-page","status-publish","hentry"],"acf":[],"aioseo_notices":[],"yoast_head":"<!-- This site is optimized with the Yoast SEO plugin v27.6 - https:\/\/yoast.com\/product\/yoast-seo-wordpress\/ -->\n<title>Contact | Rapid WMS<\/title>\n<meta name=\"robots\" content=\"index, follow, max-snippet:-1, max-image-preview:large, max-video-preview:-1\" \/>\n<link rel=\"canonical\" href=\"https:\/\/rapidwms.pl\/en\/contact\/\" \/>\n<meta property=\"og:locale\" content=\"en_US\" \/>\n<meta property=\"og:type\" content=\"article\" \/>\n<meta property=\"og:title\" content=\"Contact | Rapid WMS\" \/>\n<meta property=\"og:description\" content=\"Contact us The creator of the RAPIDWMS system is Pu\u0142askiego 25 St., 42-200 Cz\u0119stochowa34 361 10 20 | 534 754 996e-mail: isk@isk.pl \ufeff\" \/>\n<meta property=\"og:url\" content=\"https:\/\/rapidwms.pl\/en\/contact\/\" \/>\n<meta property=\"og:site_name\" content=\"Rapid WMS\" \/>\n<meta property=\"article:modified_time\" content=\"2023-10-11T08:38:14+00:00\" \/>\n<meta property=\"og:image\" content=\"http:\/\/rapidwms.pl\/wp-content\/uploads\/2023\/08\/isk-logo.png\" \/>\n<meta name=\"twitter:card\" content=\"summary_large_image\" \/>\n<script type=\"application\/ld+json\" class=\"yoast-schema-graph\">{\"@context\":\"https:\\\/\\\/schema.org\",\"@graph\":[{\"@type\":\"WebPage\",\"@id\":\"https:\\\/\\\/rapidwms.pl\\\/en\\\/contact\\\/\",\"url\":\"https:\\\/\\\/rapidwms.pl\\\/en\\\/contact\\\/\",\"name\":\"Contact | Rapid WMS\",\"isPartOf\":{\"@id\":\"https:\\\/\\\/rapidwms.pl\\\/#website\"},\"primaryImageOfPage\":{\"@id\":\"https:\\\/\\\/rapidwms.pl\\\/en\\\/contact\\\/#primaryimage\"},\"image\":{\"@id\":\"https:\\\/\\\/rapidwms.pl\\\/en\\\/contact\\\/#primaryimage\"},\"thumbnailUrl\":\"http:\\\/\\\/rapidwms.pl\\\/wp-content\\\/uploads\\\/2023\\\/08\\\/isk-logo.png\",\"datePublished\":\"2023-07-27T21:06:30+00:00\",\"dateModified\":\"2023-10-11T08:38:14+00:00\",\"breadcrumb\":{\"@id\":\"https:\\\/\\\/rapidwms.pl\\\/en\\\/contact\\\/#breadcrumb\"},\"inLanguage\":\"en-US\",\"potentialAction\":[{\"@type\":\"ReadAction\",\"target\":[\"https:\\\/\\\/rapidwms.pl\\\/en\\\/contact\\\/\"]}]},{\"@type\":\"ImageObject\",\"inLanguage\":\"en-US\",\"@id\":\"https:\\\/\\\/rapidwms.pl\\\/en\\\/contact\\\/#primaryimage\",\"url\":\"http:\\\/\\\/rapidwms.pl\\\/wp-content\\\/uploads\\\/2023\\\/08\\\/isk-logo.png\",\"contentUrl\":\"http:\\\/\\\/rapidwms.pl\\\/wp-content\\\/uploads\\\/2023\\\/08\\\/isk-logo.png\"},{\"@type\":\"BreadcrumbList\",\"@id\":\"https:\\\/\\\/rapidwms.pl\\\/en\\\/contact\\\/#breadcrumb\",\"itemListElement\":[{\"@type\":\"ListItem\",\"position\":1,\"name\":\"Home\",\"item\":\"https:\\\/\\\/rapidwms.pl\\\/en\\\/\"},{\"@type\":\"ListItem\",\"position\":2,\"name\":\"Contact\"}]},{\"@type\":\"WebSite\",\"@id\":\"https:\\\/\\\/rapidwms.pl\\\/#website\",\"url\":\"https:\\\/\\\/rapidwms.pl\\\/\",\"name\":\"Rapid WMS\",\"description\":\"Skuteczne zarz\u0105dzanie magazynem z RapidWMS\",\"potentialAction\":[{\"@type\":\"SearchAction\",\"target\":{\"@type\":\"EntryPoint\",\"urlTemplate\":\"https:\\\/\\\/rapidwms.pl\\\/?s={search_term_string}\"},\"query-input\":{\"@type\":\"PropertyValueSpecification\",\"valueRequired\":true,\"valueName\":\"search_term_string\"}}],\"inLanguage\":\"en-US\"}]}<\/script>\n<!-- \/ Yoast SEO plugin. -->","yoast_head_json":{"title":"Contact | Rapid WMS","robots":{"index":"index","follow":"follow","max-snippet":"max-snippet:-1","max-image-preview":"max-image-preview:large","max-video-preview":"max-video-preview:-1"},"canonical":"https:\/\/rapidwms.pl\/en\/contact\/","og_locale":"en_US","og_type":"article","og_title":"Contact | Rapid WMS","og_description":"Contact us The creator of the RAPIDWMS system is Pu\u0142askiego 25 St., 42-200 Cz\u0119stochowa34 361 10 20 | 534 754 996e-mail: isk@isk.pl \ufeff","og_url":"https:\/\/rapidwms.pl\/en\/contact\/","og_site_name":"Rapid WMS","article_modified_time":"2023-10-11T08:38:14+00:00","og_image":[{"url":"http:\/\/rapidwms.pl\/wp-content\/uploads\/2023\/08\/isk-logo.png","type":"","width":"","height":""}],"twitter_card":"summary_large_image","schema":{"@context":"https:\/\/schema.org","@graph":[{"@type":"WebPage","@id":"https:\/\/rapidwms.pl\/en\/contact\/","url":"https:\/\/rapidwms.pl\/en\/contact\/","name":"Contact | Rapid WMS","isPartOf":{"@id":"https:\/\/rapidwms.pl\/#website"},"primaryImageOfPage":{"@id":"https:\/\/rapidwms.pl\/en\/contact\/#primaryimage"},"image":{"@id":"https:\/\/rapidwms.pl\/en\/contact\/#primaryimage"},"thumbnailUrl":"http:\/\/rapidwms.pl\/wp-content\/uploads\/2023\/08\/isk-logo.png","datePublished":"2023-07-27T21:06:30+00:00","dateModified":"2023-10-11T08:38:14+00:00","breadcrumb":{"@id":"https:\/\/rapidwms.pl\/en\/contact\/#breadcrumb"},"inLanguage":"en-US","potentialAction":[{"@type":"ReadAction","target":["https:\/\/rapidwms.pl\/en\/contact\/"]}]},{"@type":"ImageObject","inLanguage":"en-US","@id":"https:\/\/rapidwms.pl\/en\/contact\/#primaryimage","url":"http:\/\/rapidwms.pl\/wp-content\/uploads\/2023\/08\/isk-logo.png","contentUrl":"http:\/\/rapidwms.pl\/wp-content\/uploads\/2023\/08\/isk-logo.png"},{"@type":"BreadcrumbList","@id":"https:\/\/rapidwms.pl\/en\/contact\/#breadcrumb","itemListElement":[{"@type":"ListItem","position":1,"name":"Home","item":"https:\/\/rapidwms.pl\/en\/"},{"@type":"ListItem","position":2,"name":"Contact"}]},{"@type":"WebSite","@id":"https:\/\/rapidwms.pl\/#website","url":"https:\/\/rapidwms.pl\/","name":"Rapid WMS","description":"Skuteczne zarz\u0105dzanie magazynem z RapidWMS","potentialAction":[{"@type":"SearchAction","target":{"@type":"EntryPoint","urlTemplate":"https:\/\/rapidwms.pl\/?s={search_term_string}"},"query-input":{"@type":"PropertyValueSpecification","valueRequired":true,"valueName":"search_term_string"}}],"inLanguage":"en-US"}]}},"_links":{"self":[{"href":"https:\/\/rapidwms.pl\/en\/wp-json\/wp\/v2\/pages\/1319","targetHints":{"allow":["GET"]}}],"collection":[{"href":"https:\/\/rapidwms.pl\/en\/wp-json\/wp\/v2\/pages"}],"about":[{"href":"https:\/\/rapidwms.pl\/en\/wp-json\/wp\/v2\/types\/page"}],"author":[{"embeddable":true,"href":"https:\/\/rapidwms.pl\/en\/wp-json\/wp\/v2\/users\/2"}],"replies":[{"embeddable":true,"href":"https:\/\/rapidwms.pl\/en\/wp-json\/wp\/v2\/comments?post=1319"}],"version-history":[{"count":6,"href":"https:\/\/rapidwms.pl\/en\/wp-json\/wp\/v2\/pages\/1319\/revisions"}],"predecessor-version":[{"id":1404,"href":"https:\/\/rapidwms.pl\/en\/wp-json\/wp\/v2\/pages\/1319\/revisions\/1404"}],"wp:attachment":[{"href":"https:\/\/rapidwms.pl\/en\/wp-json\/wp\/v2\/media?parent=1319"}],"curies":[{"name":"wp","href":"https:\/\/api.w.org\/{rel}","templated":true}]}}